{"id":81,"date":"2023-12-16T19:54:18","date_gmt":"2023-12-16T19:54:18","guid":{"rendered":"https:\/\/aytotorrejondelrey\/?page_id=81"},"modified":"2024-02-25T17:35:35","modified_gmt":"2024-02-25T17:35:35","slug":"saluda","status":"publish","type":"page","link":"https:\/\/prueba.aytotorrejondelrey.com\/?page_id=81","title":{"rendered":"Saluda"},"content":{"rendered":"\r\n<div class=\"wp-block-media-text is-stacked-on-mobile\" style=\"font-size:29px;font-style:italic;font-weight:600;grid-template-columns:35% auto\"><figure class=\"wp-block-media-text__media\"><img loading=\"lazy\" decoding=\"async\" width=\"631\" height=\"1309\" src=\"https:\/\/aytotorrejondelrey\/wp-content\/uploads\/2024\/02\/Foto-Belen.jpg\" alt=\"\" class=\"wp-image-199 size-full\" srcset=\"https:\/\/prueba.aytotorrejondelrey.com\/wp-content\/uploads\/2024\/02\/Foto-Belen.jpg 631w, https:\/\/prueba.aytotorrejondelrey.com\/wp-content\/uploads\/2024\/02\/Foto-Belen-145x300.jpg 145w, https:\/\/prueba.aytotorrejondelrey.com\/wp-content\/uploads\/2024\/02\/Foto-Belen-494x1024.jpg 494w\" sizes=\"(max-width: 631px) 100vw, 631px\" \/><\/figure><div class=\"wp-block-media-text__content\">\r\n<p class=\"has-medium-font-size\">Queridos vecinos de Torrej\u00f3n del Rey.<\/p>\r\n\r\n\r\n\r\n<p class=\"has-text-align-left has-medium-font-size\">Es un privilegio dirigirme a todos vosotros como Alcaldesa de nuestro pueblo. Quiero expresar mi gratitud por la confianza que han depositado en m\u00ed para liderar esta comunidad. Trabajaremos para construir un futuro pr\u00f3spero y hacer de Torrej\u00f3n del Rey, un municipio de referencia . Estamos comprometidos a escuchar sus inquietudes y trabajar incansablemente para mejorar la calidad de vida en Torrej\u00f3n del Rey.<\/p>\r\n\r\n\r\n\r\n<p class=\"has-text-align-left\">M\u00aa Bel\u00e9n Manzano Saguar<br>Alcaldesa de Torrej\u00f3n del Rey.<\/p>\r\n<\/div><\/div>\r\n","protected":false},"excerpt":{"rendered":"<p>Prueba<\/p>\n","protected":false},"author":1,"featured_media":0,"parent":0,"menu_order":0,"comment_status":"closed","ping_status":"closed","template":"","meta":{"footnotes":""},"_links":{"self":[{"href":"https:\/\/prueba.aytotorrejondelrey.com\/index.php?rest_route=\/wp\/v2\/pages\/81"}],"collection":[{"href":"https:\/\/prueba.aytotorrejondelrey.com\/index.php?rest_route=\/wp\/v2\/pages"}],"about":[{"href":"https:\/\/prueba.aytotorrejondelrey.com\/index.php?rest_route=\/wp\/v2\/types\/page"}],"author":[{"embeddable":true,"href":"https:\/\/prueba.aytotorrejondelrey.com\/index.php?rest_route=\/wp\/v2\/users\/1"}],"replies":[{"embeddable":true,"href":"https:\/\/prueba.aytotorrejondelrey.com\/index.php?rest_route=%2Fwp%2Fv2%2Fcomments&post=81"}],"version-history":[{"count":6,"href":"https:\/\/prueba.aytotorrejondelrey.com\/index.php?rest_route=\/wp\/v2\/pages\/81\/revisions"}],"predecessor-version":[{"id":245,"href":"https:\/\/prueba.aytotorrejondelrey.com\/index.php?rest_route=\/wp\/v2\/pages\/81\/revisions\/245"}],"wp:attachment":[{"href":"https:\/\/prueba.aytotorrejondelrey.com\/index.php?rest_route=%2Fwp%2Fv2%2Fmedia&parent=81"}],"curies":[{"name":"wp","href":"https:\/\/api.w.org\/{rel}","templated":true}]}}