{"id":31,"date":"2023-12-16T18:16:08","date_gmt":"2023-12-16T18:16:08","guid":{"rendered":"https:\/\/prueba.aytotorrejondelrey.com\/?page_id=31"},"modified":"2024-10-21T05:52:57","modified_gmt":"2024-10-21T05:52:57","slug":"contacto","status":"publish","type":"page","link":"https:\/\/prueba.aytotorrejondelrey.com\/?page_id=31","title":{"rendered":"CONTACTO"},"content":{"rendered":"\r\n<div>\r\n<div class=\"nH\">\r\n<div class=\"nH\">\r\n<div class=\"nH aqk aql bkL\">\r\n<div class=\"nH bkK\">\r\n<div class=\"nH\">\r\n<div class=\"nH ar4 z\">\r\n<div class=\"aeI\">\r\n<div class=\"AO\">\r\n<div id=\":3\" class=\"Tm aeJ\">\r\n<div id=\":1\" class=\"aeF\">\r\n<div class=\"nH\">\r\n<div class=\"nH\" role=\"main\">\r\n<div class=\"nH g\">\r\n<div class=\"nH a98 iY\">\r\n<div class=\"nH\">\r\n<div class=\"aHU hx\">\r\n<div role=\"list\">\r\n<div class=\"h7 ie\" tabindex=\"-1\" role=\"listitem\" aria-expanded=\"true\">\r\n<div class=\"Bk\">\r\n<div class=\"G3 G2\">\r\n<div>\r\n<div id=\":18w\">\r\n<div class=\"adn ads\" data-message-id=\"#msg-a:r-6010722557755277552\" data-legacy-message-id=\"1908d8b1c5c4d9c4\">\r\n<div class=\"gs\">\r\n<div class=\"\">\r\n<div id=\":18t\" class=\"ii gt\">\r\n<div id=\":18u\" class=\"a3s aiL \">\r\n<div dir=\"auto\">\r\n<p>Tlf. 949 33 93 51<br \/><strong>Horario de las oficinas municipales.<\/strong><br \/><strong>Plaza Mayor 1<\/strong><br \/>Atenci\u00f3n al p\u00fablico: De Lunes a Viernes de 9.00 a 14.00 h<br \/>Mi\u00e9rcoles de 10.00 a 14.00 h y de 17.00 a 19:30\u00a0h<\/p>\r\n<p><strong>Edificio municipal de Valdemora<\/strong><\/p>\r\n<p>Mi\u00e9rcoles\u00a0de 10&#8217;00 a 14&#8217;00 y de 16&#8217;00 a 18&#8217;00\u00a0<\/p>\r\n<p>______________________________<wbr \/>______________________________<wbr \/>____________________________<\/p>\r\n<p><strong>Centro de la Mujer<\/strong><\/p>\r\n<p><strong>Ayuntamiento<\/strong><\/p>\r\n<p>Jueves de 9:00 a 14:00<\/p>\r\n<p>______________________________<wbr \/>______________________________<wbr \/>____________________________<\/p>\r\n<p><strong>Trabajadora social<\/strong><\/p>\r\n<p>Torrej\u00f3n del Rey: Mi\u00e9rcoles\u00a0<\/p>\r\n<p>Gal\u00e1pagos: Jueves<\/p>\r\n<p>Tel\u00e9fono citas 949 85 63 56<\/p>\r\n<p>______________________________<wbr \/>______________________________<wbr \/>____________________________<\/p>\r\n<p><u><strong>Biblioteca<\/strong><\/u><\/p>\r\n<p><a href=\"https:\/\/www.facebook.com\/BPMDulcinea\" target=\"_blank\" rel=\"noopener\" data-saferedirecturl=\"https:\/\/www.google.com\/url?q=https:\/\/www.facebook.com\/BPMDulcinea&amp;source=gmail&amp;ust=1720448088272000&amp;usg=AOvVaw2qBo8x9IQDsjG9sT232GLG\">https:\/\/www.facebook.com\/<wbr \/>BPMDulcinea<\/a><\/p>\r\n<p><a href=\"mailto:biblioteca@aytotorrejondelrey.com\" target=\"_blank\" rel=\"noopener\">biblioteca@aytotorrejondelrey.<wbr \/>com<\/a><\/p>\r\n<p>\u00a0Tlf: 949 33 93 51 Extensi\u00f3n 3<\/p>\r\n<p>Lunes de 12:30 a 20:30<\/p>\r\n<p>Martes y Jueves de 8:30 a 15:30<\/p>\r\n<p>Mi\u00e9rcoles y Viernes de 15:00 a 20:30<\/p>\r\n<p>______________________________<wbr \/>______________________________<wbr \/>____________________________<\/p>\r\n<p><u><strong>Oficina de Correos<\/strong><\/u><\/p>\r\n<p>Tlf: 949 31 82 16<\/p>\r\n<p>______________________________<wbr \/>______________________________<wbr \/>____________________________<\/p>\r\n<p><u><strong>Centro Joven<\/strong><\/u><\/p>\r\n<p>Tlf: 635 34 07 80<\/p>\r\n<p>______________________________<wbr \/>______________________________<wbr \/>____________________________<\/p>\r\n<p><u><strong>Polideportivo<\/strong><\/u><\/p>\r\n<p>Tlf:\u00a0 949 32 16 59<\/p>\r\n<p>______________________________<wbr \/>______________________________<wbr \/>____________________________<\/p>\r\n<p><u><strong>Polic\u00eda Local<\/strong><\/u><\/p>\r\n<p>Tlf:\u00a0648 62 77 78<\/p>\r\n<p>______________________________<wbr \/>______________________________<wbr \/>____________________________<\/p>\r\n<p><u><strong>Guardia Civil<\/strong><\/u><\/p>\r\n<p>062<\/p>\r\n<p>______________________________<wbr \/>______________________________<wbr \/>____________________________<\/p>\r\n<p><u><strong>Atenci\u00f3n ciudadana Guardia Civil<\/strong><\/u><\/p>\r\n<p>Tlf: 900 10 10 62<\/p>\r\n<p>______________________________<wbr \/>______________________________<wbr \/>____________________________<\/p>\r\n<p><u><strong>Emergencias<\/strong><\/u><\/p>\r\n<p>112<\/p>\r\n<p>______________________________<wbr \/>______________________________<wbr \/>____________________________<\/p>\r\n<p><u><strong>Emergencias de aver\u00edas<\/strong><\/u><\/p>\r\n<p>Tlf:<strong>\u00a0<\/strong>\u00a0687 77 69 56<\/p>\r\n<p>______________________________<wbr \/>______________________________<wbr \/>____________________________<\/p>\r\n<p><u><strong>Aver\u00edas de Alumbrado P\u00fablico<\/strong><\/u><\/p>\r\n<p>\u00a0606 54 75 17<\/p>\r\n<p>______________________________<wbr \/>______________________________<wbr \/>____________________________<\/p>\r\n<p><u><strong>Centro de Salud \u2013 Las Castillas<\/strong><\/u><\/p>\r\n<p>Tlf:\u00a0949 32 73 54<\/p>\r\n<p>______________________________<wbr \/>______________________________<wbr \/>____________________________<\/p>\r\n<p><u><strong>Acoso Escolar<\/strong><\/u><\/p>\r\n<p>Tlf:<strong>\u00a0\u00a0<\/strong>900 01 80 18<\/p>\r\n<\/div>\r\n<div class=\"yj6qo\">\u00a0<\/div>\r\n<div class=\"adL\">\u00a0<\/div>\r\n<\/div>\r\n<\/div>\r\n<div class=\"WhmR8e\" data-hash=\"0\">\u00a0<\/div>\r\n<\/div>\r\n<\/div>\r\n<div class=\"ajx\">\u00a0<\/div>\r\n<\/div>\r\n<div class=\"gA gt acV\">\r\n<div class=\"gB xu\">\r\n<div class=\"ip iq\">\r\n<div id=\":18s\">\r\n<table class=\"cf wS\" role=\"presentation\">\r\n<tbody>\r\n<tr>\r\n<td class=\"amq\"><img decoding=\"async\" id=\":mq_4\" class=\"ajn bofPge\" src=\"https:\/\/lh3.googleusercontent.com\/a\/ACg8ocKWRSHl3LpL0aodg6wIQKAEOS2fXTI_CqVHh-uiJ3KTzDP1nA=s40-p-mo\" name=\":mq\" data-hovercard-id=\"andreavelez70@gmail.com\" \/><\/td>\r\n<td class=\"amr\">\r\n<div class=\"nr wR\">\r\n<div class=\"amn\"><span id=\":18z\" class=\"ams bkH\" tabindex=\"0\" role=\"link\">Responder<\/span><span id=\":18x\" class=\"ams bkG\" tabindex=\"0\" role=\"link\">Reenviar<\/span>\r\n<div class=\"wrsVRe\" data-position=\"dynamic\">\r\n<div class=\"jWOS7-JX-ano\">\u00a0<\/div>\r\n<div id=\"tt-c35\" class=\"ne2Ple-oshW8e-J9\" role=\"tooltip\" aria-hidden=\"true\">A\u00f1adir reacci\u00f3n<\/div>\r\n<\/div>\r\n<\/div>\r\n<\/div>\r\n<\/td>\r\n<\/tr>\r\n<\/tbody>\r\n<\/table>\r\n<\/div>\r\n<\/div>\r\n<\/div>\r\n<\/div>\r\n<\/div>\r\n<\/div>\r\n<\/div>\r\n<\/div>\r\n<\/div>\r\n<\/div>\r\n<div>\u00a0<\/div>\r\n<\/div>\r\n<\/div>\r\n<div class=\"nH\">\r\n<div class=\"l2\">\u00a0<\/div>\r\n<\/div>\r\n<\/div>\r\n<\/div>\r\n<\/div>\r\n<\/div>\r\n<\/div>\r\n<\/div>\r\n<\/div>\r\n<\/div>\r\n<\/div>\r\n<\/div>\r\n<\/div>\r\n<div class=\"nH\">\r\n<div class=\"aUx\">\r\n<div class=\"bAw bcf it\">\r\n<div class=\"brC-dA-I-Jw\">\r\n<div class=\"aT5-aOt-I brC-dA-I aT5-aOt-I-Jp\" tabindex=\"0\" role=\"button\" aria-pressed=\"true\" aria-label=\"Mostrar panel lateral\">\r\n<div class=\"aT5-aOt-I-JX-atM\">\u00a0<\/div>\r\n<div class=\"aT5-aOt-I-JX-Jw\">\u00a0<\/div>\r\n<\/div>\r\n<\/div>\r\n<\/div>\r\n<\/div>\r\n<\/div>\r\n<\/div>\r\n<\/div>\r\n<\/div>\r\n<\/div>\r\n<div class=\"vY nq\">\u00a0<\/div>\r\n<div>\r\n<div>\u00a0<\/div>\r\n<\/div>\r\n<div class=\"dw np\">\r\n<div>\r\n<div class=\"nH\">\r\n<div class=\"nH\">\r\n<div class=\"no\">\r\n<div class=\"nH nn\">\u00a0<\/div>\r\n<div class=\"nH nn\">\u00a0<\/div>\r\n<\/div>\r\n<div class=\"dJ\">\u00a0<\/div>\r\n<\/div>\r\n<\/div>\r\n<\/div>\r\n<\/div>\r\n<div class=\"T-ays T-ays-avH\" role=\"tooltip\">\r\n<div class=\"T-ays-iP\">\u00a0<\/div>\r\n<\/div>\r\n\r\n\r\n\r\n<p>&nbsp;<\/p>\r\n","protected":false},"excerpt":{"rendered":"<p>Tlf. 949 33 93 51Horario de las oficinas municipales.Plaza Mayor 1Atenci\u00f3n al p\u00fablico: De Lunes a Viernes de 9.00 a 14.00 hMi\u00e9rcoles de 10.00 a 14.00 h y de 17.00 a 19:30\u00a0h Edificio municipal de Valdemora Mi\u00e9rcoles\u00a0de 10&#8217;00 a 14&#8217;00 y de 16&#8217;00 a 18&#8217;00\u00a0 ________________________________________________________________________________________ Centro de la Mujer Ayuntamiento Jueves de 9:00 a [&hellip;]<\/p>\n","protected":false},"author":1,"featured_media":0,"parent":0,"menu_order":0,"comment_status":"closed","ping_status":"closed","template":"","meta":{"footnotes":""},"_links":{"self":[{"href":"https:\/\/prueba.aytotorrejondelrey.com\/index.php?rest_route=\/wp\/v2\/pages\/31"}],"collection":[{"href":"https:\/\/prueba.aytotorrejondelrey.com\/index.php?rest_route=\/wp\/v2\/pages"}],"about":[{"href":"https:\/\/prueba.aytotorrejondelrey.com\/index.php?rest_route=\/wp\/v2\/types\/page"}],"author":[{"embeddable":true,"href":"https:\/\/prueba.aytotorrejondelrey.com\/index.php?rest_route=\/wp\/v2\/users\/1"}],"replies":[{"embeddable":true,"href":"https:\/\/prueba.aytotorrejondelrey.com\/index.php?rest_route=%2Fwp%2Fv2%2Fcomments&post=31"}],"version-history":[{"count":5,"href":"https:\/\/prueba.aytotorrejondelrey.com\/index.php?rest_route=\/wp\/v2\/pages\/31\/revisions"}],"predecessor-version":[{"id":761,"href":"https:\/\/prueba.aytotorrejondelrey.com\/index.php?rest_route=\/wp\/v2\/pages\/31\/revisions\/761"}],"wp:attachment":[{"href":"https:\/\/prueba.aytotorrejondelrey.com\/index.php?rest_route=%2Fwp%2Fv2%2Fmedia&parent=31"}],"curies":[{"name":"wp","href":"https:\/\/api.w.org\/{rel}","templated":true}]}}