{"id":289,"date":"2024-03-10T15:05:07","date_gmt":"2024-03-10T15:05:07","guid":{"rendered":"https:\/\/prueba.aytotorrejondelrey.com\/?page_id=289"},"modified":"2024-03-28T06:36:01","modified_gmt":"2024-03-28T06:36:01","slug":"servicios-sociales","status":"publish","type":"page","link":"https:\/\/prueba.aytotorrejondelrey.com\/?page_id=289","title":{"rendered":"Servicios Sociales"},"content":{"rendered":"\n<div class=\"wp-block-media-text is-stacked-on-mobile\"><figure class=\"wp-block-media-text__media\"><\/figure><div class=\"wp-block-media-text__content\">\n<p><strong><em>Mar\u00eda de la Vega Rodr\u00edguez Casta\u00f1o.<\/em><\/strong><br>Concejal\u00edas de Servicios Sociales y Sanidad.<br>Email: mvega.rodriguez@aytotorrejondelrey.com<br>Tf.- 687\u00a092\u00a072\u00a097<\/p>\n<\/div><\/div>\n","protected":false},"excerpt":{"rendered":"<p>Mar\u00eda de la Vega Rodr\u00edguez Casta\u00f1o.Concejal\u00edas de Servicios Sociales y Sanidad.Email: mvega.rodriguez@aytotorrejondelrey.comTf.- 687\u00a092\u00a072\u00a097<\/p>\n","protected":false},"author":1,"featured_media":0,"parent":0,"menu_order":0,"comment_status":"closed","ping_status":"closed","template":"","meta":{"footnotes":""},"_links":{"self":[{"href":"https:\/\/prueba.aytotorrejondelrey.com\/index.php?rest_route=\/wp\/v2\/pages\/289"}],"collection":[{"href":"https:\/\/prueba.aytotorrejondelrey.com\/index.php?rest_route=\/wp\/v2\/pages"}],"about":[{"href":"https:\/\/prueba.aytotorrejondelrey.com\/index.php?rest_route=\/wp\/v2\/types\/page"}],"author":[{"embeddable":true,"href":"https:\/\/prueba.aytotorrejondelrey.com\/index.php?rest_route=\/wp\/v2\/users\/1"}],"replies":[{"embeddable":true,"href":"https:\/\/prueba.aytotorrejondelrey.com\/index.php?rest_route=%2Fwp%2Fv2%2Fcomments&post=289"}],"version-history":[{"count":2,"href":"https:\/\/prueba.aytotorrejondelrey.com\/index.php?rest_route=\/wp\/v2\/pages\/289\/revisions"}],"predecessor-version":[{"id":445,"href":"https:\/\/prueba.aytotorrejondelrey.com\/index.php?rest_route=\/wp\/v2\/pages\/289\/revisions\/445"}],"wp:attachment":[{"href":"https:\/\/prueba.aytotorrejondelrey.com\/index.php?rest_route=%2Fwp%2Fv2%2Fmedia&parent=289"}],"curies":[{"name":"wp","href":"https:\/\/api.w.org\/{rel}","templated":true}]}}