{"id":287,"date":"2024-03-10T15:04:48","date_gmt":"2024-03-10T15:04:48","guid":{"rendered":"https:\/\/prueba.aytotorrejondelrey.com\/?page_id=287"},"modified":"2024-03-28T06:39:33","modified_gmt":"2024-03-28T06:39:33","slug":"servicios","status":"publish","type":"page","link":"https:\/\/prueba.aytotorrejondelrey.com\/?page_id=287","title":{"rendered":"Servicios"},"content":{"rendered":"\n<div class=\"wp-block-media-text is-stacked-on-mobile\" style=\"grid-template-columns:40% auto\"><figure class=\"wp-block-media-text__media\"><img loading=\"lazy\" decoding=\"async\" width=\"241\" height=\"241\" src=\"https:\/\/prueba.aytotorrejondelrey.com\/wp-content\/uploads\/2024\/03\/Foto-Belen-1.jpg\" alt=\"\" class=\"wp-image-398 size-full\" srcset=\"https:\/\/prueba.aytotorrejondelrey.com\/wp-content\/uploads\/2024\/03\/Foto-Belen-1.jpg 241w, https:\/\/prueba.aytotorrejondelrey.com\/wp-content\/uploads\/2024\/03\/Foto-Belen-1-150x150.jpg 150w\" sizes=\"(max-width: 241px) 100vw, 241px\" \/><\/figure><div class=\"wp-block-media-text__content\">\n<p><strong><em>M\u00aa Bel\u00e9n Manzano Saguar<\/em><\/strong><br>Alcaldesa de Torrej\u00f3n del Rey<br>Concejal\u00edas de Recursos Humanos, Hacienda, Familia y Servicios <br><em>email: mariabelen.manzano@aytotorrejondelrey.com<br><\/em>Tlf. 678370743<\/p>\n<\/div><\/div>\n","protected":false},"excerpt":{"rendered":"<p>M\u00aa Bel\u00e9n Manzano SaguarAlcaldesa de Torrej\u00f3n del ReyConcejal\u00edas de Recursos Humanos, Hacienda, Familia y Servicios email: mariabelen.manzano@aytotorrejondelrey.comTlf. 678370743<\/p>\n","protected":false},"author":1,"featured_media":0,"parent":0,"menu_order":0,"comment_status":"closed","ping_status":"closed","template":"","meta":{"footnotes":""},"_links":{"self":[{"href":"https:\/\/prueba.aytotorrejondelrey.com\/index.php?rest_route=\/wp\/v2\/pages\/287"}],"collection":[{"href":"https:\/\/prueba.aytotorrejondelrey.com\/index.php?rest_route=\/wp\/v2\/pages"}],"about":[{"href":"https:\/\/prueba.aytotorrejondelrey.com\/index.php?rest_route=\/wp\/v2\/types\/page"}],"author":[{"embeddable":true,"href":"https:\/\/prueba.aytotorrejondelrey.com\/index.php?rest_route=\/wp\/v2\/users\/1"}],"replies":[{"embeddable":true,"href":"https:\/\/prueba.aytotorrejondelrey.com\/index.php?rest_route=%2Fwp%2Fv2%2Fcomments&post=287"}],"version-history":[{"count":2,"href":"https:\/\/prueba.aytotorrejondelrey.com\/index.php?rest_route=\/wp\/v2\/pages\/287\/revisions"}],"predecessor-version":[{"id":448,"href":"https:\/\/prueba.aytotorrejondelrey.com\/index.php?rest_route=\/wp\/v2\/pages\/287\/revisions\/448"}],"wp:attachment":[{"href":"https:\/\/prueba.aytotorrejondelrey.com\/index.php?rest_route=%2Fwp%2Fv2%2Fmedia&parent=287"}],"curies":[{"name":"wp","href":"https:\/\/api.w.org\/{rel}","templated":true}]}}