{"id":271,"date":"2024-03-10T15:01:57","date_gmt":"2024-03-10T15:01:57","guid":{"rendered":"https:\/\/prueba.aytotorrejondelrey.com\/?page_id=271"},"modified":"2024-03-28T06:23:24","modified_gmt":"2024-03-28T06:23:24","slug":"festejos-y-tradiciones","status":"publish","type":"page","link":"https:\/\/prueba.aytotorrejondelrey.com\/?page_id=271","title":{"rendered":"Festejos y Tradiciones"},"content":{"rendered":"\n<div class=\"wp-block-media-text is-stacked-on-mobile\" style=\"grid-template-columns:40% auto\"><figure class=\"wp-block-media-text__media\"><img loading=\"lazy\" decoding=\"async\" width=\"241\" height=\"241\" src=\"https:\/\/prueba.aytotorrejondelrey.com\/wp-content\/uploads\/2024\/03\/Foto-Oscar.jpg\" alt=\"\" class=\"wp-image-401 size-full\" srcset=\"https:\/\/prueba.aytotorrejondelrey.com\/wp-content\/uploads\/2024\/03\/Foto-Oscar.jpg 241w, https:\/\/prueba.aytotorrejondelrey.com\/wp-content\/uploads\/2024\/03\/Foto-Oscar-150x150.jpg 150w\" sizes=\"(max-width: 241px) 100vw, 241px\" \/><\/figure><div class=\"wp-block-media-text__content\">\n<p><strong><em>\u00d3scar Manuel Fern\u00e1ndez Montes<\/em><\/strong><br>Primer Teniente Alcalde<br>Concejal\u00edas de Festejos y Tradiciones Populares, Urbanismo, Obras e Infraestructuras.<br><em>email: oscarm.fernandez@aytotorrejondelrey.com<br><\/em>Tlf. 646480884<\/p>\n<\/div><\/div>\n","protected":false},"excerpt":{"rendered":"<p>\u00d3scar Manuel Fern\u00e1ndez MontesPrimer Teniente AlcaldeConcejal\u00edas de Festejos y Tradiciones Populares, Urbanismo, Obras e Infraestructuras.email: oscarm.fernandez@aytotorrejondelrey.comTlf. 646480884<\/p>\n","protected":false},"author":1,"featured_media":0,"parent":0,"menu_order":0,"comment_status":"closed","ping_status":"closed","template":"","meta":{"footnotes":""},"_links":{"self":[{"href":"https:\/\/prueba.aytotorrejondelrey.com\/index.php?rest_route=\/wp\/v2\/pages\/271"}],"collection":[{"href":"https:\/\/prueba.aytotorrejondelrey.com\/index.php?rest_route=\/wp\/v2\/pages"}],"about":[{"href":"https:\/\/prueba.aytotorrejondelrey.com\/index.php?rest_route=\/wp\/v2\/types\/page"}],"author":[{"embeddable":true,"href":"https:\/\/prueba.aytotorrejondelrey.com\/index.php?rest_route=\/wp\/v2\/users\/1"}],"replies":[{"embeddable":true,"href":"https:\/\/prueba.aytotorrejondelrey.com\/index.php?rest_route=%2Fwp%2Fv2%2Fcomments&post=271"}],"version-history":[{"count":2,"href":"https:\/\/prueba.aytotorrejondelrey.com\/index.php?rest_route=\/wp\/v2\/pages\/271\/revisions"}],"predecessor-version":[{"id":434,"href":"https:\/\/prueba.aytotorrejondelrey.com\/index.php?rest_route=\/wp\/v2\/pages\/271\/revisions\/434"}],"wp:attachment":[{"href":"https:\/\/prueba.aytotorrejondelrey.com\/index.php?rest_route=%2Fwp%2Fv2%2Fmedia&parent=271"}],"curies":[{"name":"wp","href":"https:\/\/api.w.org\/{rel}","templated":true}]}}