{"id":130,"date":"2024-01-14T17:47:21","date_gmt":"2024-01-14T17:47:21","guid":{"rendered":"https:\/\/prueba.aytotorrejondelrey.com\/?page_id=130"},"modified":"2024-02-25T16:56:27","modified_gmt":"2024-02-25T16:56:27","slug":"farmacias","status":"publish","type":"page","link":"https:\/\/prueba.aytotorrejondelrey.com\/?page_id=130","title":{"rendered":"Farmacias"},"content":{"rendered":"\n<pre class=\"wp-block-code\"><code><a href=\"https:\/\/www.cofguadalajara.es\/cofgu%5CDocumentos%5CRepositorios%5CGuardias%5CCasar%20El.pdf\">LOCALIZAR FARMACIAS DE GUARDIA<\/a><\/code><\/pre>\n\n\n\n<div class=\"wp-block-media-text is-stacked-on-mobile\" style=\"grid-template-columns:30% auto\"><figure class=\"wp-block-media-text__media\"><img loading=\"lazy\" decoding=\"async\" width=\"200\" height=\"150\" src=\"https:\/\/prueba.aytotorrejondelrey.com\/wp-content\/uploads\/2024\/02\/Farm1-1.jpg\" alt=\"\" class=\"wp-image-221 size-full\"\/><\/figure><div class=\"wp-block-media-text__content\">\n<p><strong>Ldo. Joaqu\u00edn Rubio P\u00e9rez<\/strong><\/p>\n\n\n\n<p>c\/ Ancha, 48<br>19174 Torrej\u00f3n del Rey<br>Guadalajara<br>Tel\u00e9fono.- <\/p>\n\n\n\n<p><\/p>\n<\/div><\/div>\n\n\n\n<div class=\"wp-block-media-text is-stacked-on-mobile\" style=\"grid-template-columns:30% auto\"><figure class=\"wp-block-media-text__media\"><img loading=\"lazy\" decoding=\"async\" width=\"200\" height=\"150\" src=\"https:\/\/prueba.aytotorrejondelrey.com\/wp-content\/uploads\/2024\/02\/Farm2-1.jpg\" alt=\"\" class=\"wp-image-222 size-full\"\/><\/figure><div class=\"wp-block-media-text__content\">\n<p><strong>Lda. Silvia D\u00edaz Ruiz<\/strong><\/p>\n\n\n\n<p>Avda. de los Castillos, 629<br>19174 Urb. Las Castillas. Torrej\u00f3n del Rey<br>Guadalajara<br>Tel\u00e9fono.-<\/p>\n<\/div><\/div>\n\n\n\n<div class=\"wp-block-media-text is-stacked-on-mobile\" style=\"grid-template-columns:30% auto\"><figure class=\"wp-block-media-text__media\"><img loading=\"lazy\" decoding=\"async\" width=\"640\" height=\"480\" src=\"https:\/\/prueba.aytotorrejondelrey.com\/wp-content\/uploads\/2024\/02\/Farm3-1.jpg\" alt=\"\" class=\"wp-image-223 size-full\" srcset=\"https:\/\/prueba.aytotorrejondelrey.com\/wp-content\/uploads\/2024\/02\/Farm3-1.jpg 640w, https:\/\/prueba.aytotorrejondelrey.com\/wp-content\/uploads\/2024\/02\/Farm3-1-300x225.jpg 300w\" sizes=\"(max-width: 640px) 100vw, 640px\" \/><\/figure><div class=\"wp-block-media-text__content\">\n<p><strong>Ldo. Jorge Vizuete Zorita<\/strong><\/p>\n\n\n\n<p>C\/ Formentera, 21<br>19174 Torrej\u00f3n del Rey<br>Guadalajara<br>Tel\u00e9fono.-<\/p>\n<\/div><\/div>\n","protected":false},"excerpt":{"rendered":"<p>Ldo. Joaqu\u00edn Rubio P\u00e9rez c\/ Ancha, 4819174 Torrej\u00f3n del ReyGuadalajaraTel\u00e9fono.- Lda. Silvia D\u00edaz Ruiz Avda. de los Castillos, 62919174 Urb. Las Castillas. Torrej\u00f3n del ReyGuadalajaraTel\u00e9fono.- Ldo. Jorge Vizuete Zorita C\/ Formentera, 2119174 Torrej\u00f3n del ReyGuadalajaraTel\u00e9fono.-<\/p>\n","protected":false},"author":1,"featured_media":0,"parent":0,"menu_order":0,"comment_status":"closed","ping_status":"closed","template":"","meta":{"footnotes":""},"_links":{"self":[{"href":"https:\/\/prueba.aytotorrejondelrey.com\/index.php?rest_route=\/wp\/v2\/pages\/130"}],"collection":[{"href":"https:\/\/prueba.aytotorrejondelrey.com\/index.php?rest_route=\/wp\/v2\/pages"}],"about":[{"href":"https:\/\/prueba.aytotorrejondelrey.com\/index.php?rest_route=\/wp\/v2\/types\/page"}],"author":[{"embeddable":true,"href":"https:\/\/prueba.aytotorrejondelrey.com\/index.php?rest_route=\/wp\/v2\/users\/1"}],"replies":[{"embeddable":true,"href":"https:\/\/prueba.aytotorrejondelrey.com\/index.php?rest_route=%2Fwp%2Fv2%2Fcomments&post=130"}],"version-history":[{"count":5,"href":"https:\/\/prueba.aytotorrejondelrey.com\/index.php?rest_route=\/wp\/v2\/pages\/130\/revisions"}],"predecessor-version":[{"id":224,"href":"https:\/\/prueba.aytotorrejondelrey.com\/index.php?rest_route=\/wp\/v2\/pages\/130\/revisions\/224"}],"wp:attachment":[{"href":"https:\/\/prueba.aytotorrejondelrey.com\/index.php?rest_route=%2Fwp%2Fv2%2Fmedia&parent=130"}],"curies":[{"name":"wp","href":"https:\/\/api.w.org\/{rel}","templated":true}]}}